{"id":6,"date":"2018-02-21T16:16:40","date_gmt":"2018-02-21T16:16:40","guid":{"rendered":"http:\/\/commonnordic.fas.is\/?page_id=6"},"modified":"2018-03-14T15:55:31","modified_gmt":"2018-03-14T15:55:31","slug":"home-page","status":"publish","type":"page","link":"https:\/\/commonnordic.fas.is\/","title":{"rendered":"Home Page"},"content":{"rendered":"<div id=\"pl-6\"  class=\"panel-layout\" ><div id=\"pg-6-0\"  class=\"panel-grid panel-no-style\" ><div id=\"pgc-6-0-0\"  class=\"panel-grid-cell\" ><div id=\"panel-6-0-0-0\" class=\"so-panel widget widget_sow-slider panel-first-child panel-last-child\" data-index=\"0\" ><div\n\t\t\t\n\t\t\tclass=\"so-widget-sow-slider so-widget-sow-slider-default-6d39609536fd-6\"\n\t\t\t\n\t\t>\t\t\t\t<div class=\"sow-slider-base\" style=\"display: none\" tabindex=\"0\">\n\t\t\t\t\t<ul\n\t\t\t\t\tclass=\"sow-slider-images\"\n\t\t\t\t\tdata-settings=\"{&quot;pagination&quot;:true,&quot;speed&quot;:800,&quot;timeout&quot;:8000,&quot;paused&quot;:false,&quot;pause_on_hover&quot;:false,&quot;swipe&quot;:true,&quot;nav_always_show_desktop&quot;:&quot;&quot;,&quot;nav_always_show_mobile&quot;:&quot;&quot;,&quot;breakpoint&quot;:&quot;780px&quot;,&quot;unmute&quot;:false,&quot;anchor&quot;:null}\"\n\t\t\t\t\t\t\t\t\t\tdata-anchor-id=\"\"\n\t\t\t\t>\t\t<li class=\"sow-slider-image\" style=\"visibility: visible;\" >\n\t\t\t\t\t\t<img loading=\"lazy\" decoding=\"async\" width=\"640\" height=\"480\" src=\"https:\/\/commonnordic.fas.is\/wp-content\/uploads\/2018\/02\/fotboltalid.jpg\" class=\"sow-slider-background-image\" alt=\"\" style=\"\" srcset=\"https:\/\/commonnordic.fas.is\/wp-content\/uploads\/2018\/02\/fotboltalid.jpg 640w, https:\/\/commonnordic.fas.is\/wp-content\/uploads\/2018\/02\/fotboltalid-300x225.jpg 300w\" sizes=\"(max-width: 640px) 100vw, 640px\" \/>\t\t<\/li>\n\t\t\t\t<li class=\"sow-slider-image\" style=\"visibility: hidden;\" >\n\t\t\t\t\t\t<img loading=\"lazy\" decoding=\"async\" width=\"400\" height=\"300\" src=\"https:\/\/commonnordic.fas.is\/wp-content\/uploads\/2018\/02\/5-1.jpg\" class=\"sow-slider-background-image\" alt=\"\" style=\"\" srcset=\"https:\/\/commonnordic.fas.is\/wp-content\/uploads\/2018\/02\/5-1.jpg 400w, https:\/\/commonnordic.fas.is\/wp-content\/uploads\/2018\/02\/5-1-300x225.jpg 300w\" sizes=\"(max-width: 400px) 100vw, 400px\" \/>\t\t<\/li>\n\t\t\t\t<li class=\"sow-slider-image\" style=\"visibility: hidden;\" >\n\t\t\t\t\t\t<img loading=\"lazy\" decoding=\"async\" width=\"700\" height=\"492\" src=\"https:\/\/commonnordic.fas.is\/wp-content\/uploads\/2018\/02\/forsida.png\" class=\"sow-slider-background-image\" alt=\"\" style=\"\" srcset=\"https:\/\/commonnordic.fas.is\/wp-content\/uploads\/2018\/02\/forsida.png 700w, https:\/\/commonnordic.fas.is\/wp-content\/uploads\/2018\/02\/forsida-300x211.png 300w\" sizes=\"(max-width: 700px) 100vw, 700px\" \/>\t\t<\/li>\n\t\t\t\t<li class=\"sow-slider-image\" style=\"visibility: hidden;\" >\n\t\t\t\t\t\t<img loading=\"lazy\" decoding=\"async\" width=\"600\" height=\"450\" src=\"https:\/\/commonnordic.fas.is\/wp-content\/uploads\/2018\/02\/12.jpg\" class=\"sow-slider-background-image\" alt=\"\" style=\"\" srcset=\"https:\/\/commonnordic.fas.is\/wp-content\/uploads\/2018\/02\/12.jpg 600w, https:\/\/commonnordic.fas.is\/wp-content\/uploads\/2018\/02\/12-300x225.jpg 300w\" sizes=\"(max-width: 600px) 100vw, 600px\" \/>\t\t<\/li>\n\t\t\t\t<li class=\"sow-slider-image\" style=\"visibility: hidden;\" >\n\t\t\t\t\t\t<img loading=\"lazy\" decoding=\"async\" width=\"1200\" height=\"900\" src=\"https:\/\/commonnordic.fas.is\/wp-content\/uploads\/2018\/02\/h\u00fasi\u00f0.jpg\" class=\"sow-slider-background-image\" alt=\"\" style=\"\" srcset=\"https:\/\/commonnordic.fas.is\/wp-content\/uploads\/2018\/02\/h\u00fasi\u00f0.jpg 1200w, https:\/\/commonnordic.fas.is\/wp-content\/uploads\/2018\/02\/h\u00fasi\u00f0-300x225.jpg 300w, https:\/\/commonnordic.fas.is\/wp-content\/uploads\/2018\/02\/h\u00fasi\u00f0-768x576.jpg 768w, https:\/\/commonnordic.fas.is\/wp-content\/uploads\/2018\/02\/h\u00fasi\u00f0-1024x768.jpg 1024w\" sizes=\"(max-width: 1200px) 100vw, 1200px\" \/>\t\t<\/li>\n\t\t<\/ul>\t\t\t\t<ol class=\"sow-slider-pagination\">\n\t\t\t\t\t\t\t\t\t\t\t<li><a href=\"#\" data-goto=\"0\" aria-label=\"display slide 1\"><\/a><\/li>\n\t\t\t\t\t\t\t\t\t\t\t<li><a href=\"#\" data-goto=\"1\" aria-label=\"display slide 2\"><\/a><\/li>\n\t\t\t\t\t\t\t\t\t\t\t<li><a href=\"#\" data-goto=\"2\" aria-label=\"display slide 3\"><\/a><\/li>\n\t\t\t\t\t\t\t\t\t\t\t<li><a href=\"#\" data-goto=\"3\" aria-label=\"display slide 4\"><\/a><\/li>\n\t\t\t\t\t\t\t\t\t\t\t<li><a href=\"#\" data-goto=\"4\" aria-label=\"display slide 5\"><\/a><\/li>\n\t\t\t\t\t\t\t\t\t<\/ol>\n\n\t\t\t\t<div class=\"sow-slide-nav sow-slide-nav-next\">\n\t\t\t\t\t<a href=\"#\" data-goto=\"next\" aria-label=\"next slide\" data-action=\"next\">\n\t\t\t\t\t\t<em class=\"sow-sld-icon-thin-right\"><\/em>\n\t\t\t\t\t<\/a>\n\t\t\t\t<\/div>\n\n\t\t\t\t<div class=\"sow-slide-nav sow-slide-nav-prev\">\n\t\t\t\t\t<a href=\"#\" data-goto=\"previous\" aria-label=\"previous slide\" data-action=\"prev\">\n\t\t\t\t\t\t<em class=\"sow-sld-icon-thin-left\"><\/em>\n\t\t\t\t\t<\/a>\n\t\t\t\t<\/div>\n\t\t\t\t<\/div><\/div><\/div><\/div><div id=\"pgc-6-0-1\"  class=\"panel-grid-cell\" ><div id=\"panel-6-0-1-0\" class=\"so-panel widget widget_text panel-first-child panel-last-child\" data-index=\"1\" >\t\t\t<div class=\"textwidget\"><table width=\"100%\">\n<tbody>\n<tr>\n<td><strong>Common Nordic:<\/strong><\/td>\n<\/tr>\n<tr>\n<td>was a Nordplus Junior project between the secondary school <a href=\"https:\/\/www.fas.is\/\">Framhaldssk\u00f3linn \u00ed Austur-Skaftafellss\u00fdslu<\/a> in H\u00f6fn Iceland and J\u00e4ms\u00e4n sedun koulutuskeskus\/Maatalous- ja puutarhaoppilaitos Yrkesskola in J\u00e4ms\u00e4 in Finland in the school year 2007\u00a0 &#8211; 2008. The name of the Finnish school today is <a href=\"https:\/\/www.gradia.fi\/en\"><span class=\"_5yl5\">Gradia J\u00e4ms\u00e4<\/span><\/a><\/p>\n<p>The main target of the project was to learn about:<\/p>\n<p>&#8211; entrepreneurship<br \/>\n&#8211; foreign culture and nature<br \/>\n&#8211; using new information technology (videoconferences)<br \/>\n&#8211; practical project\/team work skills<br \/>\n&#8211; language skills<br \/>\n&#8211; climate protection<\/p>\n<p>and of course to <span id=\"result_box\" class=\"short_text\" lang=\"en\"><span class=\"\">expand the horizons and make new friends<\/span><\/span>.<\/td>\n<\/tr>\n<\/tbody>\n<\/table>\n<\/div>\n\t\t<\/div><\/div><\/div><div id=\"pg-6-1\"  class=\"panel-grid panel-has-style\" ><div class=\"wide-grey panel-row-style panel-row-style-for-6-1\" ><div id=\"pgc-6-1-0\"  class=\"panel-grid-cell\" ><div id=\"panel-6-1-0-0\" class=\"so-panel widget widget_siteorigin-panels-postloop panel-first-child panel-last-child\" data-index=\"2\" ><h3 class=\"widget-title\"><span class=\"vantage-carousel-title\"><span class=\"vantage-carousel-title-text\">Latest Posts<\/span><a href=\"#\" class=\"next\" title=\"Next\"><span class=\"vantage-icon-arrow-right\"><\/span><\/a><a href=\"#\" class=\"previous\" title=\"Previous\"><span class=\"vantage-icon-arrow-left\"><\/span><\/a><\/span><\/h3><div class=\"vantage-carousel-wrapper\">\n\t\n\t<ul class=\"vantage-carousel\" data-query=\"{&quot;post_type&quot;:&quot;post&quot;,&quot;posts_per_page&quot;:4,&quot;orderby&quot;:&quot;date&quot;,&quot;order&quot;:&quot;DESC&quot;,&quot;panels_info&quot;:{&quot;class&quot;:&quot;SiteOrigin_Panels_Widgets_PostLoop&quot;,&quot;raw&quot;:false,&quot;grid&quot;:1,&quot;cell&quot;:0,&quot;id&quot;:2,&quot;widget_id&quot;:&quot;6101d5ed-7464-4ba2-9b84-bf6ce373d9a0&quot;,&quot;style&quot;:[],&quot;cell_index&quot;:0,&quot;widget_index&quot;:2},&quot;paged&quot;:1,&quot;post__not_in&quot;:[6],&quot;lazy_load_term_meta&quot;:true}\" data-ajax-url=\"https:\/\/commonnordic.fas.is\/wp-admin\/admin-ajax.php\">\n\t\t\t\t\t<li class=\"carousel-entry\">\n\t\t\t\t<div class=\"thumbnail\">\n\t\t\t\t\t\t\t\t\t\t\t\t\t\t\t\t<a href=\"https:\/\/commonnordic.fas.is\/?p=168\" style=\"background-image: url(https:\/\/commonnordic.fas.is\/wp-content\/uploads\/2018\/02\/65-272x182.jpg)\">\n\t\t\t\t\t\t<\/a>\n\t\t\t\t\t\t\t\t\t<\/div>\n\t\t\t\t\t\t\t\t<h3><a href=\"https:\/\/commonnordic.fas.is\/?p=168\">Summary of the trip to Iceland<\/a><\/h3>\n\t\t\t<\/li>\n\t\t\t\t\t<li class=\"carousel-entry\">\n\t\t\t\t<div class=\"thumbnail\">\n\t\t\t\t\t\t\t\t\t\t\t\t\t\t\t\t<a href=\"https:\/\/commonnordic.fas.is\/?p=164\" style=\"background-image: url(https:\/\/commonnordic.fas.is\/wp-content\/uploads\/2018\/02\/14-1-272x182.jpg)\">\n\t\t\t\t\t\t<\/a>\n\t\t\t\t\t\t\t\t\t<\/div>\n\t\t\t\t\t\t\t\t<h3><a href=\"https:\/\/commonnordic.fas.is\/?p=164\">Summary of the trip to Finland!<\/a><\/h3>\n\t\t\t<\/li>\n\t\t\t<\/ul>\n<\/div>\n<\/div><\/div><\/div><\/div><div id=\"pg-6-2\"  class=\"panel-grid panel-no-style\" ><div id=\"pgc-6-2-0\"  class=\"panel-grid-cell\" ><\/div><div id=\"pgc-6-2-1\"  class=\"panel-grid-cell\" ><\/div><div id=\"pgc-6-2-2\"  class=\"panel-grid-cell\" ><\/div><div id=\"pgc-6-2-3\"  class=\"panel-grid-cell\" ><\/div><\/div><\/div>","protected":false},"excerpt":{"rendered":"<p>Common Nordic: was a Nordplus Junior project between the secondary school Framhaldssk\u00f3linn \u00ed Austur-Skaftafellss\u00fdslu in H\u00f6fn Iceland and J\u00e4ms\u00e4n sedun koulutuskeskus\/Maatalous- ja puutarhaoppilaitos Yrkesskola in J\u00e4ms\u00e4 in Finland in the school year 2007\u00a0 &#8211; 2008. The name of the Finnish school today is Gradia J\u00e4ms\u00e4 The main target of the project was to learn about: [&hellip;]<\/p>\n","protected":false},"author":1,"featured_media":0,"parent":0,"menu_order":0,"comment_status":"closed","ping_status":"closed","template":"home-panels.php","meta":{"footnotes":""},"_links":{"self":[{"href":"https:\/\/commonnordic.fas.is\/index.php?rest_route=\/wp\/v2\/pages\/6"}],"collection":[{"href":"https:\/\/commonnordic.fas.is\/index.php?rest_route=\/wp\/v2\/pages"}],"about":[{"href":"https:\/\/commonnordic.fas.is\/index.php?rest_route=\/wp\/v2\/types\/page"}],"author":[{"embeddable":true,"href":"https:\/\/commonnordic.fas.is\/index.php?rest_route=\/wp\/v2\/users\/1"}],"replies":[{"embeddable":true,"href":"https:\/\/commonnordic.fas.is\/index.php?rest_route=%2Fwp%2Fv2%2Fcomments&post=6"}],"version-history":[{"count":15,"href":"https:\/\/commonnordic.fas.is\/index.php?rest_route=\/wp\/v2\/pages\/6\/revisions"}],"predecessor-version":[{"id":357,"href":"https:\/\/commonnordic.fas.is\/index.php?rest_route=\/wp\/v2\/pages\/6\/revisions\/357"}],"wp:attachment":[{"href":"https:\/\/commonnordic.fas.is\/index.php?rest_route=%2Fwp%2Fv2%2Fmedia&parent=6"}],"curies":[{"name":"wp","href":"https:\/\/api.w.org\/{rel}","templated":true}]}}